{"id":78961,"date":"2025-10-20T05:46:08","date_gmt":"2025-10-20T03:46:08","guid":{"rendered":"https:\/\/dev.schlosstorgelow.de\/russkij-tajtl"},"modified":"2026-01-08T10:56:27","modified_gmt":"2026-01-08T09:56:27","slug":"russkij-tajtl","status":"publish","type":"page","link":"https:\/\/dev.schlosstorgelow.de\/ru\/russkij-tajtl","title":{"rendered":"\u0440\u0443\u0441\u0441\u043a\u0438\u0439 \u0442\u0430\u0439\u0442\u043b"},"content":{"rendered":"\n<section     class=\"custom-theme-block page-header-section\">\n    <div class=\"container\">\n        <div class=\"row\">\n                                        <div class=\"col-12 col-lg-10 offset-lg-1\">\n                    <div class=\"image_wrapper\">\n                        \n<picture>\n            <source media=\"(max-width: 575.98px)\" srcset=\"https:\/\/dev.schlosstorgelow.de\/wp-content\/uploads\/2025\/07\/Rectangle-30-2.avif 320w, https:\/\/dev.schlosstorgelow.de\/wp-content\/uploads\/2025\/07\/Rectangle-30-2.avif 480w, https:\/\/dev.schlosstorgelow.de\/wp-content\/uploads\/2025\/07\/Rectangle-30-2.avif 640w, https:\/\/dev.schlosstorgelow.de\/wp-content\/uploads\/2025\/07\/Rectangle-30-2.avif 950w\" sizes=\"calc(100vw - 32px)\" type=\"image\/avif\">\n    \n            <source srcset=\"https:\/\/dev.schlosstorgelow.de\/wp-content\/uploads\/2025\/07\/Rectangle-30-2.avif 320w, https:\/\/dev.schlosstorgelow.de\/wp-content\/uploads\/2025\/07\/Rectangle-30-2.avif 480w, https:\/\/dev.schlosstorgelow.de\/wp-content\/uploads\/2025\/07\/Rectangle-30-2.avif 640w, https:\/\/dev.schlosstorgelow.de\/wp-content\/uploads\/2025\/07\/Rectangle-30-2.avif 720w, https:\/\/dev.schlosstorgelow.de\/wp-content\/uploads\/2025\/07\/Rectangle-30-2.avif 950w\" sizes=\"(min-width: 1710px) 1680px, (min-width: 1200px) 1140px, (min-width: 992px) 960px, (min-width: 768px) 720px, (min-width: 576px) 540px, calc(100vw - 32px)\" type=\"image\/avif\">\n    \n    \n    <img src=\"https:\/\/dev.schlosstorgelow.de\/wp-content\/uploads\/2025\/07\/Rectangle-30-2.avif\"\n         srcset=\"https:\/\/dev.schlosstorgelow.de\/wp-content\/uploads\/2025\/07\/Rectangle-30-2.avif 320w, https:\/\/dev.schlosstorgelow.de\/wp-content\/uploads\/2025\/07\/Rectangle-30-2.avif 480w, https:\/\/dev.schlosstorgelow.de\/wp-content\/uploads\/2025\/07\/Rectangle-30-2.avif 640w, https:\/\/dev.schlosstorgelow.de\/wp-content\/uploads\/2025\/07\/Rectangle-30-2.avif 720w, https:\/\/dev.schlosstorgelow.de\/wp-content\/uploads\/2025\/07\/Rectangle-30-2.avif 950w\"         sizes=\"(min-width: 1710px) 1680px, (min-width: 1200px) 1140px, (min-width: 992px) 960px, (min-width: 768px) 720px, (min-width: 576px) 540px, calc(100vw - 32px)\"         alt=\"Schul- und Internatsprospekt\"\n         title=\"Rectangle 30\"\n         width=\"950\"\n         height=\"538\"\n          loading=\"eager\" fetchpriority=\"high\" decoding=\"async\">\n<\/picture>                    <\/div>\n                <\/div>\n                    <\/div>\n    <\/div>\n            <div class=\"container\">\n            <div class=\"row\">\n                <div class=\"col-12 col-lg-6 offset-lg-6 col-xxl-4 offset-xxl-7 headlines\">\n                                            <p class=\"h4\">\u0417\u0430\u043c\u043e\u043a \u0422\u043e\u0440\u0433\u0435\u043b\u043b\u043e: \u041e \u043d\u0430\u0441<\/p>\n                                                                <h1 class=\"h2\">Adresse &amp; Lage<\/h1>\n                                    <\/div>\n            <\/div>\n        <\/div>\n                <div class=\"container\">\n            <div class=\"row\">\n                <div class=\"col-12 col-lg-10 offset-lg-1\">\n                    <div class=\"breadcrumbs\" itemscope itemtype=\"https:\/\/schema.org\/BreadcrumbList\">\n                        <span class=\"breadcrumbs__item\" itemprop=\"itemListElement\" itemscope itemtype=\"https:\/\/schema.org\/ListItem\">\n                            <a itemprop=\"item\" href=\"https:\/\/dev.schlosstorgelow.de\/ru\">\n                                <span itemprop=\"name\">Schloss Torgelow: Internat &amp; Gymnasium<\/span>\n                            <\/a>\n                            <meta itemprop=\"position\" content=\"1\" \/>\n                        <\/span>  \n                        <svg class=\"icon default-pagination-arrow \" role=\"presentation\"><use href=\"#default-pagination-arrow\"><\/use><\/svg>                                                            <span class=\"breadcrumbs__item\" itemprop=\"itemListElement\" itemscope itemtype=\"https:\/\/schema.org\/ListItem\">\n                                    <a itemprop=\"item\" href=\"\/traegerfamilie-leitung\">\n                                        <span itemprop=\"name\">\n                                            \u0417\u0430\u043c\u043e\u043a \u0422\u043e\u0440\u0433\u0435\u043b\u043b\u043e: \u041e \u043d\u0430\u0441                                        <\/span>\n                                        <meta itemprop=\"position\" content=\"2\" \/>\n                                    <\/a>\n                                <\/span>\n                                                                            <svg class=\"icon default-pagination-arrow \" role=\"presentation\"><use href=\"#default-pagination-arrow\"><\/use><\/svg>                        <span class=\"breadcrumbs__item\" itemprop=\"itemListElement\" itemscope itemtype=\"https:\/\/schema.org\/ListItem\">\n                            <a itemprop=\"item\" href=\"https:\/\/dev.schlosstorgelow.de\/ru\/russkij-tajtl\" class=\"breadcrumbs__current\">\n                                <span itemprop=\"name\">\n                                                                            Adresse &amp; Lage \n                                                                    <\/span>\n                                <meta itemprop=\"position\" content=\"3\" \/>\n                            <\/a>\n                            <meta itemprop=\"position\" content=\"2\" \/>\n                        <\/span>\n                    <\/div>\n                <\/div>\n            <\/div>\n        <\/div>\n    <\/section>\n<div  class=\" special-heading special-heading-h2 custom-theme-block\">\n    <h2 class=\"h2 custom-title\">Standort &amp; Anfahrt<\/h2><\/div>\n\n<section  class=\"custom-theme-block map-location\">\n    <div class=\"container\">\n        <div class=\"row\">\n            <div class=\"col-12 col-lg-6 col-xl-5\">\n                                    <a class=\"map-location__image\" href=\"https:\/\/www.google.com\/maps\/place\/Schloss+Torgelow+Privates+Internatsgymnasium+Helge+Lehmann+KG\/@53.5610875,12.7733415,925m\/data=!3m3!1e3!4b1!5s0x47abf9f132cf7d7b:0xc914ea418e2a4b9d!4m6!3m5!1s0x47abf9f1330c6ef3:0x5ee654d0aaf98533!8m2!3d53.5610843!4d12.7759164!16s%2Fg%2F122qm6nq?entry=ttu&amp;g_ep=EgoyMDI1MDcyMi4wIKXMDSoASAFQAw%3D%3D\" target='_blank'>\n                        \n<picture>\n            <source media=\"(max-width: 575.98px)\" srcset=\"https:\/\/dev.schlosstorgelow.de\/wp-content\/uploads\/2025\/07\/map-internat-schloss-torgelow.svg 1w\" sizes=\"calc(100vw - 32px)\" type=\"image\/svg+xml\">\n    \n            <source srcset=\"https:\/\/dev.schlosstorgelow.de\/wp-content\/uploads\/2025\/07\/map-internat-schloss-torgelow.svg 1w\" sizes=\"(min-width: 1200px) 1140px, (min-width: 992px) 960px, (min-width: 768px) 720px, (min-width: 576px) 540px, calc(100vw - 32px)\" type=\"image\/svg+xml\">\n    \n    \n    <img src=\"https:\/\/dev.schlosstorgelow.de\/wp-content\/uploads\/2025\/07\/map-internat-schloss-torgelow.svg\"\n         srcset=\"https:\/\/dev.schlosstorgelow.de\/wp-content\/uploads\/2025\/07\/map-internat-schloss-torgelow.svg 1w\"         sizes=\"auto, (min-width: 1200px) 1140px, (min-width: 992px) 960px, (min-width: 768px) 720px, (min-width: 576px) 540px, calc(100vw - 32px)\"         alt=\"Karte mit Schloss Torgelow\"\n         title=\"map-internat-schloss-torgelow\"\n         width=\"569\"\n         height=\"569\"\n          loading=\"lazy\" decoding=\"async\">\n<\/picture>                    <\/a>\n                \n            <\/div>\n            <div class=\"col-lg-6 offset-xl-1\">\n                <div class=\"content_wrapper d-flex flex-column justify-content-center align-items-center align-items-lg-start\">\n                                            <div class=\"h2\">\n                            Unser Standort an der M\u00fcritz im Landkreis Mecklenburgischen Seenplatte                        <\/div>\n                                                                <p>Schloss Torgelow liegt in der 500-Einwohner-Gemeinde Torgelow am See bei Waren an der M\u00fcritz (GPS-Daten sind Latitude: 53.5667\u00b0 und Longitude: 12.7833\u00b0) und <strong>nicht in der Stadt Torgelow<\/strong> im Landkreis Vorpommern.<\/p>\n<p>Unsere Sch\u00fclerinnen und Sch\u00fcler, die am Wochenende nach Hause fahren wollen, bringen wir mit dem Schlossbus, der Deutschen Bahn sowie der Deutschen Lufthansa in die N\u00e4he ihres Wohnortes. So k\u00f6nnen die Eltern auf lange nervenaufreibende Autofahrten im Wochenendverkehr verzichten und wissen ihre Kinder in guten H\u00e4nden. <\/p>\n                                                                <a href=\"https:\/\/www.google.com\/maps\/place\/Schloss+Torgelow+Privates+Internatsgymnasium+Helge+Lehmann+KG\/@53.5610875,12.7733415,925m\/data=!3m3!1e3!4b1!5s0x47abf9f132cf7d7b:0xc914ea418e2a4b9d!4m6!3m5!1s0x47abf9f1330c6ef3:0x5ee654d0aaf98533!8m2!3d53.5610843!4d12.7759164!16s%2Fg%2F122qm6nq?entry=ttu&amp;g_ep=EgoyMDI1MDcyMi4wIKXMDSoASAFQAw%3D%3D\" class=\"btn btn-alternative\" target='_blank'>\n                            Jetzt auf Google Maps \u00f6ffnen                        <\/a>\n                                    <\/div>\n            <\/div>\n        <\/div>\n    <\/div>\n<\/section>\n\n<div     class=\"illustration-block mobile-hide\"\n     style=\"--icon-width: 50%; --icon-height: 175px; --icon-moving-left: -34%;\">\n    <div class=\"illustration-block__icon lightBlue position-down  \">\n        <svg class=\"icon default-location \" role=\"presentation\"><use href=\"#default-location\"><\/use><\/svg>    <\/div>\n<\/div>\n<div  class=\"two-columns-block\">\n    <div class=\"column-first align-items-center\">\n                    <h3>Adresse<\/h3>\n<p>\u0417\u0430\u043c\u043e\u043a \u0422\u043e\u0440\u0433\u0435\u043b\u043e\u0432<br \/>\nprivates, staatlich anerkanntes Internatsgymnasium<br \/>\nHelge Lehmann KG<\/p>\n<p>Schloss 1<br \/>\n17192 Torgelow am See<\/p>\n<p>Telefon: <a href=\"tel:+4939916240\">03991\/624-0<\/a><br \/>\nTelefax: 03991\/624-211<\/p>\n<p><a href=\"mailto:sekretariat@schlosstorgelow.de\">\u0441\u0435\u043a\u0440\u0435\u0442\u0430\u0440\u0438\u0430\u0442@\u0448\u043b\u043e\u0441\u0441\u043e\u0440\u0433\u0435\u043b\u043e\u0432.de<\/a><\/p>\n                        <\/div>\n\n    <div class=\"column-second\">\n                    <p><strong>GPS<\/strong><\/p>\n<p>Latitude: 53.5667\u00b0<br \/>\nLongitude: 12.7833\u00b0<\/p>\n<p><strong>Wichtiger Hinweis f\u00fcr Lieferanten<\/strong><\/p>\n<p>Schloss Torgelow liegt in der 500-Einwohner-Gemeinde Torgelow am See bei Waren an der M\u00fcritz und nicht in der Stadt Torgelow im Uecker-Randow-Kreis.<\/p>\n                            <\/div>\n<\/div>\n\n<figure class=\"wp-block-image size-full\"><img loading=\"lazy\" decoding=\"async\" width=\"1920\" height=\"1080\" src=\"https:\/\/dev.schlosstorgelow.de\/wp-content\/uploads\/2025\/07\/drachenboot-schloss-torgelow.avif\" alt=\"Drachenboot-Projekt\" class=\"wp-image-45543\" srcset=\"https:\/\/dev.schlosstorgelow.de\/wp-content\/uploads\/2025\/07\/drachenboot-schloss-torgelow.avif 1920w, https:\/\/dev.schlosstorgelow.de\/wp-content\/uploads\/2025\/07\/drachenboot-schloss-torgelow-300x169.avif 300w, https:\/\/dev.schlosstorgelow.de\/wp-content\/uploads\/2025\/07\/drachenboot-schloss-torgelow-1440x810.avif 1440w, https:\/\/dev.schlosstorgelow.de\/wp-content\/uploads\/2025\/07\/drachenboot-schloss-torgelow-1080x608.avif 1080w, https:\/\/dev.schlosstorgelow.de\/wp-content\/uploads\/2025\/07\/drachenboot-schloss-torgelow-720x405.avif 720w, https:\/\/dev.schlosstorgelow.de\/wp-content\/uploads\/2025\/07\/drachenboot-schloss-torgelow-480x270.avif 480w, https:\/\/dev.schlosstorgelow.de\/wp-content\/uploads\/2025\/07\/drachenboot-schloss-torgelow-960x540.avif 960w, https:\/\/dev.schlosstorgelow.de\/wp-content\/uploads\/2025\/07\/drachenboot-schloss-torgelow-320x180.avif 320w, https:\/\/dev.schlosstorgelow.de\/wp-content\/uploads\/2025\/07\/drachenboot-schloss-torgelow-640x360.avif 640w, https:\/\/dev.schlosstorgelow.de\/wp-content\/uploads\/2025\/07\/drachenboot-schloss-torgelow-1140x641.avif 1140w, https:\/\/dev.schlosstorgelow.de\/wp-content\/uploads\/2025\/07\/drachenboot-schloss-torgelow-540x304.avif 540w, https:\/\/dev.schlosstorgelow.de\/wp-content\/uploads\/2025\/07\/drachenboot-schloss-torgelow-214x120.avif 214w, https:\/\/dev.schlosstorgelow.de\/wp-content\/uploads\/2025\/07\/drachenboot-schloss-torgelow-428x241.avif 428w\" sizes=\"auto, (max-width: 1920px) 100vw, 1920px\" \/><\/figure>\n\n<div     class=\"illustration-block mobile-hide\"\n     style=\"--icon-width: 50%; --icon-height: 175px; --icon-moving-left: -34%;\">\n    <div class=\"illustration-block__icon lightBlue position-down  \">\n        <svg class=\"icon default-projects-icon \" role=\"presentation\"><use href=\"#default-projects-icon\"><\/use><\/svg>    <\/div>\n<\/div>\n<div  class=\"two-columns-block\">\n    <div class=\"column-first align-items-center\">\n                    <h3>Ihr Weg zu uns \u2013 Anfahrt<\/h3>\n<p>Schloss Torgelow hei\u00dft Sch\u00fclerinnen und Sch\u00fcler aus <a href=\"https:\/\/dev.schlosstorgelow.de\/ru\/regionen\">ganz Deutschland<\/a>, Europa und der Welt willkommen. So erreichen Sie uns mit dem Auto: <\/p>\n<p><strong>Von Westen (Hamburg):<\/strong><\/p>\n<p>Fahren Sie \u00fcber die A 24 Richtung Berlin bis zum Autobahnkreuz Wittstock\/Dosse. Dort wechseln Sie auf die A 19 in Richtung Rostock. Verlassen Sie die Autobahn an der Ausfahrt Waren (# 17).  <\/p>\n<p><strong>Von S\u00fcden (Berlin):<\/strong><\/p>\n<p>Fahren Sie \u00fcber die A 24 Richtung Hamburg bis zum Autobahnkreuz Wittstock\/Doss. Dort wechseln Sie auf die A 19 in Richtung Rostock. Verlassen Sie die Autobahn an der Ausfahrt Waren (# 17).  <\/p>\n<p><strong>Von Osten (Neubrandenburg):<\/strong><\/p>\n<p>Fahren Sie auf der Bundesstra\u00dfe Richtung Waren. Ca. 5 km vor Waren biegen Sie in der Ortschaft Schloen rechts Richtung Torgelow am See ab. In der Gemeinde liegt die Einfahrt am Ende der Dorfdurchfahrung rechts.  <\/p>\n<p><strong>Von Norden (Rostock):<\/strong><\/p>\n<p>Fahren Sie auf der A 19 in Richtung Berlin bis zur Ausfahrt Waren (# 17).<\/p>\n                            <div class=\"download-section__groups\">\n                                            <div class=\"download-section__group\">\n                                                        <div class=\"download-section__items --hide-line\">\n                                                                                                        <a href=\"https:\/\/dev.schlosstorgelow.de\/wp-content\/uploads\/2025\/09\/Anfahrt-Schloss-Torgelow.pdf\" class=\"download-section__item\" download>\n                                        <span class=\"download-section__icon\"><svg class=\"icon default-download \" role=\"presentation\"><use href=\"#default-download\"><\/use><\/svg><\/span>\n                                        PDF: Der Weg nach Schloss Torgelow (130 KB)\n                                    <\/a>\n                                                            <\/div>\n                        <\/div>\n                                    <\/div>\n                        <\/div>\n\n    <div class=\"column-second\">\n                    <p><strong>Ab Ausfahrt Waren:<\/strong><\/p>\n<p>Fahren Sie auf der B 192 nach Waren. Durchfahren Sie Waren in Richtung Neubrandenburg\/ Neustrelitz. Bald nachdem Sie unter einer Br\u00fccke hindurch gefahren sind, verlassen Sie die B 192 nach links Richtung Malchin\/ Gro\u00df Gievitz. Ca. 2 km nach dem Ortsausgang biegen Sie rechts ab Richtung Torgelow. Folgen Sie der Beschilderung \u201eSchloss Torgelow\u201c    <\/p>\n<p><strong>Wichtig:<\/strong><\/p>\n<p>Schloss Torgelow liegt in der kleinen <strong>Gemeinde Torgelow am See<\/strong> bei Waren an der M\u00fcritz. Bitte achten Sie darauf, dass Sie <strong>nicht<\/strong> versehentlich die Stadt Torgelow in das Navigationssystem eingeben. Diese liegt ca. 100 KM entfernt an der polnischen Grenze.  <\/p>\n<p><strong>Radarkontrollen:<\/strong><\/p>\n<p>Bitte beachten Sie ab Verlassen der Autobahn die Geschwindigkeitsbeschr\u00e4nkungen, da sich auf der Strecke drei fest installierte Radarkontrollen befinden.<\/p>\n<div class=\"theme-table-wrapper\" tabindex=\"0\"><table role=\"presentation\"  class=\"contenttable\" cellspacing=\"0\" cellpadding=\"0\">\n<tbody>\n<tr>\n<td colspan=\"2\" rowspan=\"1\">N\u00e4chster Verkehrsflughafen:<\/td>\n<td colspan=\"2\" rowspan=\"1\">Berlin Brandenburg International (BER)<\/td>\n<\/tr>\n<tr>\n<td colspan=\"2\" rowspan=\"1\">N\u00e4chster Sportflughafen:<\/td>\n<td colspan=\"2\" rowspan=\"1\">Vielist<\/td>\n<\/tr>\n<tr>\n<td colspan=\"2\" rowspan=\"1\">N\u00e4chster Bahnhof:<\/td>\n<td colspan=\"2\" rowspan=\"1\">Waren an der M\u00fcritz<\/td>\n<\/tr>\n<\/tbody>\n<\/table><\/div>\n                            <\/div>\n<\/div>\n","protected":false},"excerpt":{"rendered":"","protected":false},"author":1,"featured_media":0,"parent":0,"menu_order":0,"comment_status":"closed","ping_status":"closed","template":"","meta":{"_acf_changed":false,"footnotes":""},"class_list":["post-78961","page","type-page","status-publish"],"acf":[],"yoast_head":"<!-- This site is optimized with the Yoast SEO plugin v25.8 - https:\/\/yoast.com\/wordpress\/plugins\/seo\/ -->\n<title>\u0440\u0443\u0441\u0441\u043a\u0438\u0439 \u0442\u0430\u0439\u0442\u043b - Schloss Torgelow<\/title>\n<meta name=\"description\" content=\"So erreichen Sie das Internat Schloss Torgelow: Alle Informationen zu Adresse, Lage und Anfahrt mit dem Auto.\" \/>\n<meta name=\"robots\" content=\"noindex, follow, max-snippet:-1, max-image-preview:large, max-video-preview:-1\" \/>\n<meta property=\"og:locale\" content=\"ru_RU\" \/>\n<meta property=\"og:type\" content=\"article\" \/>\n<meta property=\"og:title\" content=\"\u0440\u0443\u0441\u0441\u043a\u0438\u0439 \u0442\u0430\u0439\u0442\u043b - Schloss Torgelow\" \/>\n<meta property=\"og:description\" content=\"So erreichen Sie das Internat Schloss Torgelow: Alle Informationen zu Adresse, Lage und Anfahrt mit dem Auto.\" \/>\n<meta property=\"og:url\" content=\"https:\/\/dev.schlosstorgelow.de\/ru\/russkij-tajtl\" \/>\n<meta property=\"og:site_name\" content=\"Schloss Torgelow\" \/>\n<meta property=\"article:modified_time\" content=\"2026-01-08T09:56:27+00:00\" \/>\n<meta name=\"twitter:card\" content=\"summary_large_image\" \/>\n<script type=\"application\/ld+json\" class=\"yoast-schema-graph\">{\"@context\":\"https:\/\/schema.org\",\"@graph\":[{\"@type\":\"WebPage\",\"@id\":\"https:\/\/dev.schlosstorgelow.de\/ru\/russkij-tajtl#webpage\",\"url\":\"https:\/\/dev.schlosstorgelow.de\/ru\/russkij-tajtl\",\"name\":\"\u0440\u0443\u0441\u0441\u043a\u0438\u0439 \u0442\u0430\u0439\u0442\u043b - Schloss Torgelow\",\"isPartOf\":{\"@id\":\"https:\/\/dev.schlosstorgelow.de\/ru#website\"},\"primaryImageOfPage\":{\"@id\":\"https:\/\/dev.schlosstorgelow.de\/ru\/russkij-tajtl#primaryimage\"},\"image\":{\"@id\":\"https:\/\/dev.schlosstorgelow.de\/ru\/russkij-tajtl#primaryimage\"},\"thumbnailUrl\":\"https:\/\/dev.schlosstorgelow.de\/wp-content\/uploads\/2025\/07\/drachenboot-schloss-torgelow.avif\",\"datePublished\":\"2025-10-20T03:46:08+00:00\",\"dateModified\":\"2026-01-08T09:56:27+00:00\",\"description\":\"So erreichen Sie das Internat Schloss Torgelow: Alle Informationen zu Adresse, Lage und Anfahrt mit dem Auto.\",\"breadcrumb\":{\"@id\":\"https:\/\/dev.schlosstorgelow.de\/ru\/russkij-tajtl#breadcrumb\"},\"inLanguage\":\"ru-RU\",\"potentialAction\":[{\"@type\":\"ReadAction\",\"target\":[\"https:\/\/dev.schlosstorgelow.de\/ru\/russkij-tajtl\"]}]},{\"@type\":\"ImageObject\",\"inLanguage\":\"ru-RU\",\"@id\":\"https:\/\/dev.schlosstorgelow.de\/ru\/russkij-tajtl#primaryimage\",\"url\":\"https:\/\/dev.schlosstorgelow.de\/wp-content\/uploads\/2025\/07\/drachenboot-schloss-torgelow.avif\",\"contentUrl\":\"https:\/\/dev.schlosstorgelow.de\/wp-content\/uploads\/2025\/07\/drachenboot-schloss-torgelow.avif\"},{\"@type\":\"BreadcrumbList\",\"@id\":\"https:\/\/dev.schlosstorgelow.de\/ru\/russkij-tajtl#breadcrumb\",\"itemListElement\":[{\"@type\":\"ListItem\",\"position\":1,\"name\":\"Startseite\",\"item\":\"https:\/\/dev.schlosstorgelow.de\/ru\"},{\"@type\":\"ListItem\",\"position\":2,\"name\":\"\u0440\u0443\u0441\u0441\u043a\u0438\u0439 \u0442\u0430\u0439\u0442\u043b\"}]},{\"@type\":\"WebSite\",\"@id\":\"https:\/\/dev.schlosstorgelow.de\/ru#website\",\"url\":\"https:\/\/dev.schlosstorgelow.de\/ru\",\"name\":\"Schloss Torgelow\",\"description\":\"Das private Internatsgymnasium Schloss Torgelow \u2013 das Internat f\u00fcr Sch\u00fclerinnen und Sch\u00fcler, die eine Herausforderung suchen.\",\"potentialAction\":[{\"@type\":\"SearchAction\",\"target\":{\"@type\":\"EntryPoint\",\"urlTemplate\":\"https:\/\/dev.schlosstorgelow.de\/ru?s={search_term_string}\"},\"query-input\":{\"@type\":\"PropertyValueSpecification\",\"valueRequired\":true,\"valueName\":\"search_term_string\"}}],\"inLanguage\":\"ru-RU\"}]}<\/script>\n<!-- \/ Yoast SEO plugin. -->","yoast_head_json":{"title":"\u0440\u0443\u0441\u0441\u043a\u0438\u0439 \u0442\u0430\u0439\u0442\u043b - Schloss Torgelow","description":"So erreichen Sie das Internat Schloss Torgelow: Alle Informationen zu Adresse, Lage und Anfahrt mit dem Auto.","robots":{"index":"noindex","follow":"follow","max-snippet":"max-snippet:-1","max-image-preview":"max-image-preview:large","max-video-preview":"max-video-preview:-1"},"og_locale":"ru_RU","og_type":"article","og_title":"\u0440\u0443\u0441\u0441\u043a\u0438\u0439 \u0442\u0430\u0439\u0442\u043b - Schloss Torgelow","og_description":"So erreichen Sie das Internat Schloss Torgelow: Alle Informationen zu Adresse, Lage und Anfahrt mit dem Auto.","og_url":"https:\/\/dev.schlosstorgelow.de\/ru\/russkij-tajtl","og_site_name":"Schloss Torgelow","article_modified_time":"2026-01-08T09:56:27+00:00","twitter_card":"summary_large_image","schema":{"@context":"https:\/\/schema.org","@graph":[{"@type":"WebPage","@id":"https:\/\/dev.schlosstorgelow.de\/ru\/russkij-tajtl#webpage","url":"https:\/\/dev.schlosstorgelow.de\/ru\/russkij-tajtl","name":"\u0440\u0443\u0441\u0441\u043a\u0438\u0439 \u0442\u0430\u0439\u0442\u043b - Schloss Torgelow","isPartOf":{"@id":"https:\/\/dev.schlosstorgelow.de\/ru#website"},"primaryImageOfPage":{"@id":"https:\/\/dev.schlosstorgelow.de\/ru\/russkij-tajtl#primaryimage"},"image":{"@id":"https:\/\/dev.schlosstorgelow.de\/ru\/russkij-tajtl#primaryimage"},"thumbnailUrl":"https:\/\/dev.schlosstorgelow.de\/wp-content\/uploads\/2025\/07\/drachenboot-schloss-torgelow.avif","datePublished":"2025-10-20T03:46:08+00:00","dateModified":"2026-01-08T09:56:27+00:00","description":"So erreichen Sie das Internat Schloss Torgelow: Alle Informationen zu Adresse, Lage und Anfahrt mit dem Auto.","breadcrumb":{"@id":"https:\/\/dev.schlosstorgelow.de\/ru\/russkij-tajtl#breadcrumb"},"inLanguage":"ru-RU","potentialAction":[{"@type":"ReadAction","target":["https:\/\/dev.schlosstorgelow.de\/ru\/russkij-tajtl"]}]},{"@type":"ImageObject","inLanguage":"ru-RU","@id":"https:\/\/dev.schlosstorgelow.de\/ru\/russkij-tajtl#primaryimage","url":"https:\/\/dev.schlosstorgelow.de\/wp-content\/uploads\/2025\/07\/drachenboot-schloss-torgelow.avif","contentUrl":"https:\/\/dev.schlosstorgelow.de\/wp-content\/uploads\/2025\/07\/drachenboot-schloss-torgelow.avif"},{"@type":"BreadcrumbList","@id":"https:\/\/dev.schlosstorgelow.de\/ru\/russkij-tajtl#breadcrumb","itemListElement":[{"@type":"ListItem","position":1,"name":"Startseite","item":"https:\/\/dev.schlosstorgelow.de\/ru"},{"@type":"ListItem","position":2,"name":"\u0440\u0443\u0441\u0441\u043a\u0438\u0439 \u0442\u0430\u0439\u0442\u043b"}]},{"@type":"WebSite","@id":"https:\/\/dev.schlosstorgelow.de\/ru#website","url":"https:\/\/dev.schlosstorgelow.de\/ru","name":"Schloss Torgelow","description":"Das private Internatsgymnasium Schloss Torgelow \u2013 das Internat f\u00fcr Sch\u00fclerinnen und Sch\u00fcler, die eine Herausforderung suchen.","potentialAction":[{"@type":"SearchAction","target":{"@type":"EntryPoint","urlTemplate":"https:\/\/dev.schlosstorgelow.de\/ru?s={search_term_string}"},"query-input":{"@type":"PropertyValueSpecification","valueRequired":true,"valueName":"search_term_string"}}],"inLanguage":"ru-RU"}]}},"block_visibility_meta":[],"_links":{"self":[{"href":"https:\/\/dev.schlosstorgelow.de\/ru\/wp-json\/wp\/v2\/pages\/78961","targetHints":{"allow":["GET"]}}],"collection":[{"href":"https:\/\/dev.schlosstorgelow.de\/ru\/wp-json\/wp\/v2\/pages"}],"about":[{"href":"https:\/\/dev.schlosstorgelow.de\/ru\/wp-json\/wp\/v2\/types\/page"}],"author":[{"embeddable":true,"href":"https:\/\/dev.schlosstorgelow.de\/ru\/wp-json\/wp\/v2\/users\/1"}],"replies":[{"embeddable":true,"href":"https:\/\/dev.schlosstorgelow.de\/ru\/wp-json\/wp\/v2\/comments?post=78961"}],"version-history":[{"count":1,"href":"https:\/\/dev.schlosstorgelow.de\/ru\/wp-json\/wp\/v2\/pages\/78961\/revisions"}],"predecessor-version":[{"id":78962,"href":"https:\/\/dev.schlosstorgelow.de\/ru\/wp-json\/wp\/v2\/pages\/78961\/revisions\/78962"}],"wp:attachment":[{"href":"https:\/\/dev.schlosstorgelow.de\/ru\/wp-json\/wp\/v2\/media?parent=78961"}],"curies":[{"name":"wp","href":"https:\/\/api.w.org\/{rel}","templated":true}]}}